{"id":2048,"date":"2019-05-25T01:56:37","date_gmt":"2019-05-25T01:56:37","guid":{"rendered":"https:\/\/realbiblehope.com\/?page_id=2048"},"modified":"2025-04-11T18:26:02","modified_gmt":"2025-04-11T18:26:02","slug":"downloads","status":"publish","type":"page","link":"https:\/\/realbiblehope.com\/es\/downloads\/","title":{"rendered":"Downloads"},"content":{"rendered":"<div class=\"wpb-content-wrapper\"><p>[vc_row full_width=\u00bbstretch_row_content\u00bb parallax=\u00bbcontent-moving\u00bb parallax_speed_bg=\u00bb1.7&#8243; css=\u00bb.vc_custom_1558751828470{padding-top: 100px !important;padding-bottom: 80px !important;background-image: url(https:\/\/realbiblehope.com\/wp-content\/uploads\/2019\/04\/main.bg_.jpg?id=22) !important;}\u00bb el_class=\u00bbpamphlet-mainbanner\u00bb][vc_column][vc_column_text css=\u00bb\u00bb]<\/p>\n<p style=\"text-align: center;\"><span class=\"header-text-blue-bg animationFocusIn doAnimation\" style=\"background-color: #993366;\">DESCARGAS<\/span><\/p>\n<p>[\/vc_column_text][\/vc_column][\/vc_row][vc_row][vc_column][vc_empty_space height=\u00bb34px\u00bb][\/vc_column][\/vc_row][vc_row][vc_column][vc_column_text css=\u00bb\u00bb]<\/p>\n<h3 style=\"text-align: center;\">Haga clic en cualquiera de los t\u00edtulos a continuaci\u00f3n para descargar un PDF<\/h3>\n<p>[\/vc_column_text][\/vc_column][\/vc_row][vc_section][vc_row css=\u00bb.vc_custom_1562616145855{margin-bottom: 15px !important;}\u00bb][vc_column width=\u00bb1\/6&#8243;][vc_single_image image=\u00bb2148&#8243; img_size=\u00bbfull\u00bb alignment=\u00bbcenter\u00bb onclick=\u00bbcustom_link\u00bb img_link_target=\u00bb_blank\u00bb css=\u00bb.vc_custom_1744394795257{margin-bottom: 10px !important;padding-bottom: 0px !important;}\u00bb link=\u00bbhttps:\/\/realbiblehope.com\/wp-content\/uploads\/2025\/04\/Antichrist_Spanish.pdf\u00bb][vc_btn title=\u00bbDescargar PDF\u00bb style=\u00bbflat\u00bb i_icon_fontawesome=\u00bb\u00bb css=\u00bb\u00bb add_icon=\u00bbtrue\u00bb link=\u00bburl:https%3A%2F%2Frealbiblehope.com%2Fwp-content%2Fuploads%2F2025%2F04%2FAntichrist_Spanish.pdf|target:_blank\u00bb][\/vc_column][vc_column width=\u00bb1\/6&#8243;][vc_single_image image=\u00bb2146&#8243; img_size=\u00bbfull\u00bb alignment=\u00bbcenter\u00bb onclick=\u00bbcustom_link\u00bb img_link_target=\u00bb_blank\u00bb css=\u00bb.vc_custom_1744394818666{margin-bottom: 10px !important;padding-bottom: 0px !important;}\u00bb link=\u00bbhttps:\/\/realbiblehope.com\/wp-content\/uploads\/2025\/04\/Who_Is_The_Living_God_Spanish.pdf\u00bb][vc_btn title=\u00bbDescargar PDF\u00bb style=\u00bbflat\u00bb i_icon_fontawesome=\u00bb\u00bb css=\u00bb\u00bb add_icon=\u00bbtrue\u00bb link=\u00bburl:https%3A%2F%2Frealbiblehope.com%2Fwp-content%2Fuploads%2F2025%2F04%2FWho_Is_The_Living_God_Spanish.pdf|target:_blank\u00bb][\/vc_column][vc_column width=\u00bb1\/6&#8243;][vc_single_image image=\u00bb2142&#8243; img_size=\u00bbfull\u00bb alignment=\u00bbcenter\u00bb onclick=\u00bbcustom_link\u00bb img_link_target=\u00bb_blank\u00bb css=\u00bb.vc_custom_1744394864508{margin-bottom: 10px !important;padding-bottom: 0px !important;}\u00bb link=\u00bbhttps:\/\/realbiblehope.com\/wp-content\/uploads\/2025\/04\/Sabbath_Spanish.pdf\u00bb][vc_btn title=\u00bbDescargar PDF\u00bb style=\u00bbflat\u00bb i_icon_fontawesome=\u00bb\u00bb css=\u00bb\u00bb add_icon=\u00bbtrue\u00bb link=\u00bburl:https%3A%2F%2Frealbiblehope.com%2Fwp-content%2Fuploads%2F2025%2F04%2FSabbath_Spanish.pdf|target:_blank\u00bb][\/vc_column][vc_column width=\u00bb1\/6&#8243;][vc_single_image image=\u00bb2126&#8243; img_size=\u00bbfull\u00bb alignment=\u00bbcenter\u00bb onclick=\u00bbcustom_link\u00bb img_link_target=\u00bb_blank\u00bb css=\u00bb.vc_custom_1744394932096{margin-bottom: 10px !important;padding-bottom: 0px !important;}\u00bb link=\u00bbhttps:\/\/realbiblehope.com\/wp-content\/uploads\/2025\/04\/Baptism_Spanish.pdf\u00bb][vc_btn title=\u00bbDescargar PDF\u00bb style=\u00bbflat\u00bb i_icon_fontawesome=\u00bb\u00bb css=\u00bb\u00bb add_icon=\u00bbtrue\u00bb link=\u00bburl:https%3A%2F%2Frealbiblehope.com%2Fwp-content%2Fuploads%2F2025%2F04%2FBaptism_Spanish.pdf|target:_blank\u00bb][\/vc_column][vc_column width=\u00bb1\/6&#8243;][vc_single_image image=\u00bb2130&#8243; img_size=\u00bbfull\u00bb alignment=\u00bbcenter\u00bb onclick=\u00bbcustom_link\u00bb img_link_target=\u00bb_blank\u00bb css=\u00bb.vc_custom_1744394957894{margin-bottom: 10px !important;padding-bottom: 0px !important;}\u00bb link=\u00bbhttps:\/\/realbiblehope.com\/wp-content\/uploads\/2025\/04\/Dying_to_Live_Spanish.pdf\u00bb][vc_btn title=\u00bbDescargar PDF\u00bb style=\u00bbflat\u00bb i_icon_fontawesome=\u00bb\u00bb css=\u00bb\u00bb add_icon=\u00bbtrue\u00bb link=\u00bburl:https%3A%2F%2Frealbiblehope.com%2Fwp-content%2Fuploads%2F2025%2F04%2FDying_to_Live_Spanish.pdf|target:_blank\u00bb][\/vc_column][vc_column width=\u00bb1\/6&#8243;][vc_single_image image=\u00bb2144&#8243; img_size=\u00bbfull\u00bb alignment=\u00bbcenter\u00bb onclick=\u00bbcustom_link\u00bb img_link_target=\u00bb_blank\u00bb css=\u00bb.vc_custom_1744395016663{margin-bottom: 10px !important;padding-bottom: 0px !important;}\u00bb link=\u00bbhttps:\/\/realbiblehope.com\/wp-content\/uploads\/2025\/04\/Where_Does_Evil_Spanish.pdf\u00bb][vc_btn title=\u00bbDescargar PDF\u00bb style=\u00bbflat\u00bb i_icon_fontawesome=\u00bb\u00bb css=\u00bb\u00bb add_icon=\u00bbtrue\u00bb link=\u00bburl:https%3A%2F%2Frealbiblehope.com%2Fwp-content%2Fuploads%2F2025%2F04%2FWhere_Does_Evil_Spanish.pdf|target:_blank\u00bb][\/vc_column][\/vc_row][vc_row][vc_column width=\u00bb1\/6&#8243;][vc_single_image image=\u00bb2132&#8243; img_size=\u00bbfull\u00bb alignment=\u00bbcenter\u00bb onclick=\u00bbcustom_link\u00bb css=\u00bb.vc_custom_1744395059144{margin-bottom: 10px !important;padding-bottom: 0px !important;}\u00bb link=\u00bbhttps:\/\/realbiblehope.com\/wp-content\/uploads\/2025\/04\/FaithMakesSense_Spanish.pdf\u00bb][vc_btn title=\u00bbDescargar PDF\u00bb style=\u00bbflat\u00bb i_icon_fontawesome=\u00bb\u00bb css=\u00bb\u00bb add_icon=\u00bbtrue\u00bb link=\u00bburl:https%3A%2F%2Frealbiblehope.com%2Fwp-conhttps%3A%2F%2Frealbiblehope.com%2Fwp-content%2Fuploads%2F2025%2F04%2FFaithMakesSense_Spanish.pdf\u00bb][\/vc_column][vc_column width=\u00bb1\/6&#8243;][vc_single_image image=\u00bb2134&#8243; img_size=\u00bbfull\u00bb alignment=\u00bbcenter\u00bb onclick=\u00bbcustom_link\u00bb img_link_target=\u00bb_blank\u00bb css=\u00bb.vc_custom_1744395160565{margin-bottom: 10px !important;padding-bottom: 0px !important;}\u00bb link=\u00bbhttps:\/\/realbiblehope.com\/wp-content\/uploads\/2025\/04\/GodProblemofEvil_Spanish.pdf\u00bb][vc_btn title=\u00bbDescargar PDF\u00bb style=\u00bbflat\u00bb i_icon_fontawesome=\u00bb\u00bb css=\u00bb\u00bb add_icon=\u00bbtrue\u00bb link=\u00bburl:https%3A%2F%2Frealbiblehope.com%2Fwp-content%2Fuploads%2F2025%2F04%2FGodProblemofEvil_Spanish.pdf|target:_blank\u00bb][\/vc_column][vc_column width=\u00bb1\/6&#8243;][vc_single_image image=\u00bb2136&#8243; img_size=\u00bbfull\u00bb alignment=\u00bbcenter\u00bb onclick=\u00bbcustom_link\u00bb img_link_target=\u00bb_blank\u00bb css=\u00bb.vc_custom_1744395176468{margin-bottom: 10px !important;padding-bottom: 0px !important;}\u00bb link=\u00bbhttps:\/\/realbiblehope.com\/wp-content\/uploads\/2025\/04\/Holy_Spirit_Spanish.pdf\u00bb][vc_btn title=\u00bbDescargar PDF\u00bb style=\u00bbflat\u00bb i_icon_fontawesome=\u00bb\u00bb css=\u00bb\u00bb add_icon=\u00bbtrue\u00bb link=\u00bburl:https%3A%2F%2Frealbiblehope.com%2Fwp-content%2Fuploads%2F2025%2F04%2FHoly_Spirit_Spanish.pdf|target:_blank\u00bb][\/vc_column][vc_column width=\u00bb1\/6&#8243;][vc_single_image image=\u00bb2138&#8243; img_size=\u00bbfull\u00bb alignment=\u00bbcenter\u00bb onclick=\u00bbcustom_link\u00bb img_link_target=\u00bb_blank\u00bb css=\u00bb.vc_custom_1744395197843{margin-bottom: 10px !important;padding-bottom: 0px !important;}\u00bb link=\u00bbhttps:\/\/realbiblehope.com\/wp-content\/uploads\/2025\/04\/Human_Suffering_Spanish.pdf\u00bb][vc_btn title=\u00bbDescargar PDF\u00bb style=\u00bbflat\u00bb i_icon_fontawesome=\u00bb\u00bb css=\u00bb\u00bb add_icon=\u00bbtrue\u00bb link=\u00bburl:https%3A%2F%2Frealbiblehope.com%2Fwp-content%2Fuploads%2F2025%2F04%2FHuman_Suffering_Spanish.pdf|target:_blank\u00bb][\/vc_column][vc_column width=\u00bb1\/6&#8243;][vc_single_image image=\u00bb2140&#8243; img_size=\u00bbfull\u00bb alignment=\u00bbcenter\u00bb onclick=\u00bbcustom_link\u00bb img_link_target=\u00bb_blank\u00bb css=\u00bb.vc_custom_1744395260229{margin-bottom: 10px !important;padding-bottom: 0px !important;}\u00bb link=\u00bbhttps:\/\/realbiblehope.com\/wp-content\/uploads\/2025\/04\/Is_There_A_Living_God_Spanish.pdf\u00bb][vc_btn title=\u00bbDescargar PDF\u00bb style=\u00bbflat\u00bb i_icon_fontawesome=\u00bb\u00bb css=\u00bb\u00bb add_icon=\u00bbtrue\u00bb link=\u00bburl:https%3A%2F%2Frealbiblehope.com%2Fwp-content%2Fuploads%2F2025%2F04%2FIs_There_A_Living_God_Spanish.pdf|target:_blank\u00bb][\/vc_column][vc_column width=\u00bb1\/6&#8243;][vc_single_image image=\u00bb2128&#8243; img_size=\u00bbfull\u00bb alignment=\u00bbcenter\u00bb onclick=\u00bbcustom_link\u00bb img_link_target=\u00bb_blank\u00bb css=\u00bb.vc_custom_1744395292108{margin-bottom: 10px !important;padding-bottom: 0px !important;}\u00bb link=\u00bbhttps:\/\/realbiblehope.com\/wp-content\/uploads\/2025\/04\/BetterWorld_Spanish.pdf\u00bb][vc_btn title=\u00bbDescargar PDF\u00bb style=\u00bbflat\u00bb i_icon_fontawesome=\u00bb\u00bb css=\u00bb\u00bb add_icon=\u00bbtrue\u00bb link=\u00bburl:https%3A%2F%2Frealbiblehope.com%2Fwp-content%2Fuploads%2F2025%2F04%2FBetterWorld_Spanish.pdf|target:_blank\u00bb][\/vc_column][\/vc_row][\/vc_section][vc_row][vc_column][vc_empty_space height=\u00bb24px\u00bb][vc_separator][vc_column_text css=\u00bb\u00bb]<\/p>\n<h3 style=\"text-align: center;\">Recursos adicionales<\/h3>\n<p>[\/vc_column_text][vc_separator][\/vc_column][\/vc_row][vc_row][vc_column width=\u00bb1\/3&#8243;][vc_single_image image=\u00bb460&#8243; img_size=\u00bb\u00bb alignment=\u00bbright\u00bb onclick=\u00bbcustom_link\u00bb link=\u00bbhttps:\/\/realbiblehope.com\/wp-content\/uploads\/2019\/07\/Bible_Reading_Planner.pdf\u00bb][\/vc_column][vc_column width=\u00bb2\/3&#8243;][vc_column_text css=\u00bb\u00bb]<\/p>\n<p style=\"text-align: left;\"><span class=\"fontProximaNovaCond\" style=\"font-size: 36px;\"><strong><span style=\"color: #800080;\">Planificador de Lectura B\u00edblica<\/span><\/strong><\/span><br \/>\n<span class=\"fontProximaNovaCond\" style=\"font-size: 19px;\">\u00a1Este planificador de lectura te llevar\u00e1 a trav\u00e9s del Antiguo Testamento una vez y del Nuevo Testamento dos veces, todo en un a\u00f1o! Hay 3 porciones de lectura para cada d\u00eda. \u00a1El planificador tambi\u00e9n incluye mapas \u00fatiles y l\u00edneas de tiempo!<\/span><\/p>\n<p>[\/vc_column_text][vc_btn title=\u00bbDownload\u00bb style=\u00bbflat\u00bb i_icon_fontawesome=\u00bbfa fa-file-pdf-o\u00bb add_icon=\u00bbtrue\u00bb link=\u00bburl:https%3A%2F%2Ftidingsbooklets.com%2Fwp-content%2Fuploads%2F2019%2F07%2FBible_Reading_Planner.pdf|||\u00bb][\/vc_column][\/vc_row][vc_row][vc_column][vc_column_text]<\/p>\n<p>[\/vc_column_text][\/vc_column][\/vc_row]<\/p>\n<\/div>","protected":false},"excerpt":{"rendered":"<p>[vc_row full_width=\u00bbstretch_row_content\u00bb parallax=\u00bbcontent-moving\u00bb parallax_speed_bg=\u00bb1.7&#8243; css=\u00bb.vc_custom_1558751828470{padding-top: 100px !important;padding-bottom: 80px !important;background-image: url(https:\/\/realbiblehope.com\/wp-content\/uploads\/2019\/04\/main.bg_.jpg?id=22) !important;}\u00bb el_class=\u00bbpamphlet-mainbanner\u00bb][vc_column][vc_column_text css=\u00bb\u00bb] DESCARGAS [\/vc_column_text][\/vc_column][\/vc_row][vc_row][vc_column][vc_empty_space height=\u00bb34px\u00bb][\/vc_column][\/vc_row][vc_row][vc_column][vc_column_text css=\u00bb\u00bb] Haga clic en cualquiera de los t\u00edtulos a continuaci\u00f3n para descargar un PDF [\/vc_column_text][\/vc_column][\/vc_row][vc_section][vc_row css=\u00bb.vc_custom_1562616145855{margin-bottom: 15px !important;}\u00bb][vc_column width=\u00bb1\/6&#8243;][vc_single_image image=\u00bb2148&#8243; img_size=\u00bbfull\u00bb alignment=\u00bbcenter\u00bb onclick=\u00bbcustom_link\u00bb img_link_target=\u00bb_blank\u00bb css=\u00bb.vc_custom_1744394795257{margin-bottom: 10px !important;padding-bottom: 0px !important;}\u00bb link=\u00bbhttps:\/\/realbiblehope.com\/wp-content\/uploads\/2025\/04\/Antichrist_Spanish.pdf\u00bb][vc_btn title=\u00bbDescargar PDF\u00bb style=\u00bbflat\u00bb i_icon_fontawesome=\u00bb\u00bb css=\u00bb\u00bb add_icon=\u00bbtrue\u00bb link=\u00bburl:https%3A%2F%2Frealbiblehope.com%2Fwp-content%2Fuploads%2F2025%2F04%2FAntichrist_Spanish.pdf|target:_blank\u00bb][\/vc_column][vc_column width=\u00bb1\/6&#8243;][vc_single_image image=\u00bb2146&#8243; &hellip;<\/p>\n","protected":false},"author":3,"featured_media":0,"parent":0,"menu_order":0,"comment_status":"closed","ping_status":"closed","template":"","meta":{"_acf_changed":false,"inline_featured_image":false,"footnotes":""},"class_list":["post-2048","page","type-page","status-publish","hentry"],"acf":[],"yoast_head":"<!-- This site is optimized with the Yoast SEO plugin v27.3 - https:\/\/yoast.com\/product\/yoast-seo-wordpress\/ -->\n<title>Downloads - The Hope of the Bible<\/title>\n<meta name=\"robots\" content=\"index, follow, max-snippet:-1, max-image-preview:large, max-video-preview:-1\" \/>\n<link rel=\"canonical\" href=\"https:\/\/realbiblehope.com\/es\/downloads\/\" \/>\n<meta property=\"og:locale\" content=\"es_ES\" \/>\n<meta property=\"og:type\" content=\"article\" \/>\n<meta property=\"og:title\" content=\"Downloads - The Hope of the Bible\" \/>\n<meta property=\"og:description\" content=\"[vc_row full_width=\u00bbstretch_row_content\u00bb parallax=\u00bbcontent-moving\u00bb parallax_speed_bg=\u00bb1.7&#8243; css=\u00bb.vc_custom_1558751828470{padding-top: 100px !important;padding-bottom: 80px !important;background-image: url(https:\/\/realbiblehope.com\/wp-content\/uploads\/2019\/04\/main.bg_.jpg?id=22) !important;}\u00bb el_class=\u00bbpamphlet-mainbanner\u00bb][vc_column][vc_column_text css=\u00bb\u00bb] DESCARGAS [\/vc_column_text][\/vc_column][\/vc_row][vc_row][vc_column][vc_empty_space height=\u00bb34px\u00bb][\/vc_column][\/vc_row][vc_row][vc_column][vc_column_text css=\u00bb\u00bb] Haga clic en cualquiera de los t\u00edtulos a continuaci\u00f3n para descargar un PDF [\/vc_column_text][\/vc_column][\/vc_row][vc_section][vc_row css=\u00bb.vc_custom_1562616145855{margin-bottom: 15px !important;}\u00bb][vc_column width=\u00bb1\/6&#8243;][vc_single_image image=\u00bb2148&#8243; img_size=\u00bbfull\u00bb alignment=\u00bbcenter\u00bb onclick=\u00bbcustom_link\u00bb img_link_target=\u00bb_blank\u00bb css=\u00bb.vc_custom_1744394795257{margin-bottom: 10px !important;padding-bottom: 0px !important;}\u00bb link=\u00bbhttps:\/\/realbiblehope.com\/wp-content\/uploads\/2025\/04\/Antichrist_Spanish.pdf\u00bb][vc_btn title=\u00bbDescargar PDF\u00bb style=\u00bbflat\u00bb i_icon_fontawesome=\u00bb\u00bb css=\u00bb\u00bb add_icon=\u00bbtrue\u00bb link=\u00bburl:https%3A%2F%2Frealbiblehope.com%2Fwp-content%2Fuploads%2F2025%2F04%2FAntichrist_Spanish.pdf|target:_blank\u00bb][\/vc_column][vc_column width=\u00bb1\/6&#8243;][vc_single_image image=\u00bb2146&#8243; &hellip;\" \/>\n<meta property=\"og:url\" content=\"https:\/\/realbiblehope.com\/es\/downloads\/\" \/>\n<meta property=\"og:site_name\" content=\"The Hope of the Bible\" \/>\n<meta property=\"article:modified_time\" content=\"2025-04-11T18:26:02+00:00\" \/>\n<meta name=\"twitter:card\" content=\"summary_large_image\" \/>\n<meta name=\"twitter:label1\" content=\"Tiempo de lectura\" \/>\n\t<meta name=\"twitter:data1\" content=\"5 minutos\" \/>\n<script type=\"application\/ld+json\" class=\"yoast-schema-graph\">{\"@context\":\"https:\\\/\\\/schema.org\",\"@graph\":[{\"@type\":\"WebPage\",\"@id\":\"https:\\\/\\\/realbiblehope.com\\\/es\\\/downloads\\\/\",\"url\":\"https:\\\/\\\/realbiblehope.com\\\/es\\\/downloads\\\/\",\"name\":\"Downloads - The Hope of the Bible\",\"isPartOf\":{\"@id\":\"https:\\\/\\\/realbiblehope.com\\\/#website\"},\"datePublished\":\"2019-05-25T01:56:37+00:00\",\"dateModified\":\"2025-04-11T18:26:02+00:00\",\"breadcrumb\":{\"@id\":\"https:\\\/\\\/realbiblehope.com\\\/es\\\/downloads\\\/#breadcrumb\"},\"inLanguage\":\"es\",\"potentialAction\":[{\"@type\":\"ReadAction\",\"target\":[\"https:\\\/\\\/realbiblehope.com\\\/es\\\/downloads\\\/\"]}]},{\"@type\":\"BreadcrumbList\",\"@id\":\"https:\\\/\\\/realbiblehope.com\\\/es\\\/downloads\\\/#breadcrumb\",\"itemListElement\":[{\"@type\":\"ListItem\",\"position\":1,\"name\":\"Home\",\"item\":\"https:\\\/\\\/realbiblehope.com\\\/es\\\/\"},{\"@type\":\"ListItem\",\"position\":2,\"name\":\"Downloads\"}]},{\"@type\":\"WebSite\",\"@id\":\"https:\\\/\\\/realbiblehope.com\\\/#website\",\"url\":\"https:\\\/\\\/realbiblehope.com\\\/\",\"name\":\"The Hope of the Bible\",\"description\":\"Online Bible Resources and Articles\",\"potentialAction\":[{\"@type\":\"SearchAction\",\"target\":{\"@type\":\"EntryPoint\",\"urlTemplate\":\"https:\\\/\\\/realbiblehope.com\\\/?s={search_term_string}\"},\"query-input\":{\"@type\":\"PropertyValueSpecification\",\"valueRequired\":true,\"valueName\":\"search_term_string\"}}],\"inLanguage\":\"es\"}]}<\/script>\n<!-- \/ Yoast SEO plugin. -->","yoast_head_json":{"title":"Downloads - The Hope of the Bible","robots":{"index":"index","follow":"follow","max-snippet":"max-snippet:-1","max-image-preview":"max-image-preview:large","max-video-preview":"max-video-preview:-1"},"canonical":"https:\/\/realbiblehope.com\/es\/downloads\/","og_locale":"es_ES","og_type":"article","og_title":"Downloads - The Hope of the Bible","og_description":"[vc_row full_width=\u00bbstretch_row_content\u00bb parallax=\u00bbcontent-moving\u00bb parallax_speed_bg=\u00bb1.7&#8243; css=\u00bb.vc_custom_1558751828470{padding-top: 100px !important;padding-bottom: 80px !important;background-image: url(https:\/\/realbiblehope.com\/wp-content\/uploads\/2019\/04\/main.bg_.jpg?id=22) !important;}\u00bb el_class=\u00bbpamphlet-mainbanner\u00bb][vc_column][vc_column_text css=\u00bb\u00bb] DESCARGAS [\/vc_column_text][\/vc_column][\/vc_row][vc_row][vc_column][vc_empty_space height=\u00bb34px\u00bb][\/vc_column][\/vc_row][vc_row][vc_column][vc_column_text css=\u00bb\u00bb] Haga clic en cualquiera de los t\u00edtulos a continuaci\u00f3n para descargar un PDF [\/vc_column_text][\/vc_column][\/vc_row][vc_section][vc_row css=\u00bb.vc_custom_1562616145855{margin-bottom: 15px !important;}\u00bb][vc_column width=\u00bb1\/6&#8243;][vc_single_image image=\u00bb2148&#8243; img_size=\u00bbfull\u00bb alignment=\u00bbcenter\u00bb onclick=\u00bbcustom_link\u00bb img_link_target=\u00bb_blank\u00bb css=\u00bb.vc_custom_1744394795257{margin-bottom: 10px !important;padding-bottom: 0px !important;}\u00bb link=\u00bbhttps:\/\/realbiblehope.com\/wp-content\/uploads\/2025\/04\/Antichrist_Spanish.pdf\u00bb][vc_btn title=\u00bbDescargar PDF\u00bb style=\u00bbflat\u00bb i_icon_fontawesome=\u00bb\u00bb css=\u00bb\u00bb add_icon=\u00bbtrue\u00bb link=\u00bburl:https%3A%2F%2Frealbiblehope.com%2Fwp-content%2Fuploads%2F2025%2F04%2FAntichrist_Spanish.pdf|target:_blank\u00bb][\/vc_column][vc_column width=\u00bb1\/6&#8243;][vc_single_image image=\u00bb2146&#8243; &hellip;","og_url":"https:\/\/realbiblehope.com\/es\/downloads\/","og_site_name":"The Hope of the Bible","article_modified_time":"2025-04-11T18:26:02+00:00","twitter_card":"summary_large_image","twitter_misc":{"Tiempo de lectura":"5 minutos"},"schema":{"@context":"https:\/\/schema.org","@graph":[{"@type":"WebPage","@id":"https:\/\/realbiblehope.com\/es\/downloads\/","url":"https:\/\/realbiblehope.com\/es\/downloads\/","name":"Downloads - The Hope of the Bible","isPartOf":{"@id":"https:\/\/realbiblehope.com\/#website"},"datePublished":"2019-05-25T01:56:37+00:00","dateModified":"2025-04-11T18:26:02+00:00","breadcrumb":{"@id":"https:\/\/realbiblehope.com\/es\/downloads\/#breadcrumb"},"inLanguage":"es","potentialAction":[{"@type":"ReadAction","target":["https:\/\/realbiblehope.com\/es\/downloads\/"]}]},{"@type":"BreadcrumbList","@id":"https:\/\/realbiblehope.com\/es\/downloads\/#breadcrumb","itemListElement":[{"@type":"ListItem","position":1,"name":"Home","item":"https:\/\/realbiblehope.com\/es\/"},{"@type":"ListItem","position":2,"name":"Downloads"}]},{"@type":"WebSite","@id":"https:\/\/realbiblehope.com\/#website","url":"https:\/\/realbiblehope.com\/","name":"The Hope of the Bible","description":"Online Bible Resources and Articles","potentialAction":[{"@type":"SearchAction","target":{"@type":"EntryPoint","urlTemplate":"https:\/\/realbiblehope.com\/?s={search_term_string}"},"query-input":{"@type":"PropertyValueSpecification","valueRequired":true,"valueName":"search_term_string"}}],"inLanguage":"es"}]}},"_links":{"self":[{"href":"https:\/\/realbiblehope.com\/es\/wp-json\/wp\/v2\/pages\/2048","targetHints":{"allow":["GET"]}}],"collection":[{"href":"https:\/\/realbiblehope.com\/es\/wp-json\/wp\/v2\/pages"}],"about":[{"href":"https:\/\/realbiblehope.com\/es\/wp-json\/wp\/v2\/types\/page"}],"author":[{"embeddable":true,"href":"https:\/\/realbiblehope.com\/es\/wp-json\/wp\/v2\/users\/3"}],"replies":[{"embeddable":true,"href":"https:\/\/realbiblehope.com\/es\/wp-json\/wp\/v2\/comments?post=2048"}],"version-history":[{"count":21,"href":"https:\/\/realbiblehope.com\/es\/wp-json\/wp\/v2\/pages\/2048\/revisions"}],"predecessor-version":[{"id":2157,"href":"https:\/\/realbiblehope.com\/es\/wp-json\/wp\/v2\/pages\/2048\/revisions\/2157"}],"wp:attachment":[{"href":"https:\/\/realbiblehope.com\/es\/wp-json\/wp\/v2\/media?parent=2048"}],"curies":[{"name":"wp","href":"https:\/\/api.w.org\/{rel}","templated":true}]}}